{"id":130,"date":"2017-03-01T14:47:34","date_gmt":"2017-03-01T13:47:34","guid":{"rendered":"http:\/\/gitarre-nuertingen.de\/verein\/?page_id=130"},"modified":"2025-07-08T18:13:26","modified_gmt":"2025-07-08T16:13:26","slug":"impressum","status":"publish","type":"page","link":"https:\/\/gitarre-nuertingen.de\/verein\/impressum\/","title":{"rendered":"Impressum"},"content":{"rendered":"<div style=\"float: left;\">\n<h2><strong>Gitarrenkreis N\u00fcrtingen e.V.<\/strong><\/h2>\n<p>1. Vorsitzender: Dr. Herbert Gl\u00f6ckle<br \/>\n2. Vorsitzender: Steffen Brunner<br \/>\nKassier: Peter Bernreuther<br \/>\nSchriftf\u00fchrer: Dr. Klaus Dautel<\/p>\n<\/div>\n<div style=\"float: left;\">\n<p><strong>Anbieter:<\/strong><\/p>\n<p>GITARRENKREIS N\u00dcRTINGEN e.V.<br \/>\nDr. Herbert Gl\u00f6ckle<br \/>\nReutlinger Str. 34<br \/>\n72138 Kirchentellinsfurt<br \/>\neMail: <a href=\"mailto:herbert.gloeckle@gitarre-nuertingen.de\">herbert.gloeckle@gitarre-nuertingen.de <\/a><\/p>\n<p><strong>Registergericht\/-nummer:<\/strong><\/p>\n<p>Amtsgericht N\u00fcrtingen<br \/>\nNummer VR 1125<\/p>\n<p><strong>Vertretungsberechtigter:<\/strong><\/p>\n<p>Dr. Herbert Gl\u00f6ckle<br \/>\nLeiblstr. 10<br \/>\n72768 Reutlingen<\/p>\n<p><strong>Inhaltlich Verantwortlicher gem. \u00a7 10 Abs 3 MDStV (V.i.S.d.M.):<\/strong><\/p>\n<p>Dr. Herbert Gl\u00f6ckle<br \/>\nLeiblstr. 10<br \/>\n72768 Reutlingen<\/p>\n<p>Hier k\u00f6nnen Sie eine <a href=\"https:\/\/gitarre-nuertingen.de\/wp-content\/uploads\/2018\/03\/Beitrittserklaerung_2018_03_26.pdf\" target=\"_blank\" rel=\"noopener noreferrer\"><strong>Beitrittserkl\u00e4rung<\/strong><\/a> als pdf oder als <a href=\"https:\/\/gitarre-nuertingen.de\/wp-content\/uploads\/2018\/03\/Beitrittserklaerung_2018_03_26.docx\"><strong>word.doc<\/strong><\/a> herunterladen.<\/p>\n<\/div>\n","protected":false},"excerpt":{"rendered":"<p>Gitarrenkreis N\u00fcrtingen e.V. 1. Vorsitzender: Dr. Herbert Gl\u00f6ckle 2. Vorsitzender: Steffen Brunner Kassier: Peter Bernreuther Schriftf\u00fchrer: Dr. Klaus Dautel Anbieter: GITARRENKREIS N\u00dcRTINGEN e.V. Dr. Herbert Gl\u00f6ckle Reutlinger Str. 34 72138 Kirchentellinsfurt eMail: herbert.gloeckle@gitarre-nuertingen.de Registergericht\/-nummer: Amtsgericht N\u00fcrtingen Nummer VR 1125 Vertretungsberechtigter: Dr. Herbert Gl\u00f6ckle Leiblstr. 10 72768 Reutlingen Inhaltlich Verantwortlicher gem. \u00a7 10 Abs 3 MDStV &hellip; <\/p>\n<p class=\"link-more\"><a href=\"https:\/\/gitarre-nuertingen.de\/verein\/impressum\/\" class=\"more-link\"><span class=\"screen-reader-text\">\u201eImpressum\u201c<\/span> weiterlesen<\/a><\/p>\n","protected":false},"author":1,"featured_media":0,"parent":0,"menu_order":0,"comment_status":"closed","ping_status":"closed","template":"","meta":{"footnotes":""},"class_list":["post-130","page","type-page","status-publish","hentry"],"_links":{"self":[{"href":"https:\/\/gitarre-nuertingen.de\/verein\/wp-json\/wp\/v2\/pages\/130","targetHints":{"allow":["GET"]}}],"collection":[{"href":"https:\/\/gitarre-nuertingen.de\/verein\/wp-json\/wp\/v2\/pages"}],"about":[{"href":"https:\/\/gitarre-nuertingen.de\/verein\/wp-json\/wp\/v2\/types\/page"}],"author":[{"embeddable":true,"href":"https:\/\/gitarre-nuertingen.de\/verein\/wp-json\/wp\/v2\/users\/1"}],"replies":[{"embeddable":true,"href":"https:\/\/gitarre-nuertingen.de\/verein\/wp-json\/wp\/v2\/comments?post=130"}],"version-history":[{"count":5,"href":"https:\/\/gitarre-nuertingen.de\/verein\/wp-json\/wp\/v2\/pages\/130\/revisions"}],"predecessor-version":[{"id":303,"href":"https:\/\/gitarre-nuertingen.de\/verein\/wp-json\/wp\/v2\/pages\/130\/revisions\/303"}],"wp:attachment":[{"href":"https:\/\/gitarre-nuertingen.de\/verein\/wp-json\/wp\/v2\/media?parent=130"}],"curies":[{"name":"wp","href":"https:\/\/api.w.org\/{rel}","templated":true}]}}