{"id":227,"date":"2017-03-16T15:27:07","date_gmt":"2017-03-16T14:27:07","guid":{"rendered":"http:\/\/gitarre-nuertingen.de\/verein\/?page_id=227"},"modified":"2025-07-05T16:02:23","modified_gmt":"2025-07-05T14:02:23","slug":"home","status":"publish","type":"page","link":"https:\/\/gitarre-nuertingen.de\/verein\/","title":{"rendered":"\u00dcber uns"},"content":{"rendered":"<p>Der Gitarrenkreis N\u00fcrtingen e.V. widmet sich der F\u00f6rderung und Pflege der klassischen Gitarrenmusik.<\/p>\n<p><strong>\u00dcberregional<\/strong><\/p>\n<p>Das herausragende Projekt sind die alle zwei Jahre stattfindenden \u201e<em>Internationalen Gitarrenfestspiele N\u00fcrtingen<\/em>\u201c, die sich im Laufe der Jahre sowohl in internationalen Fachkreisen als auch bei einem breiten Publikum in der Region einen ausge\u00adzeichneten Ruf erworben haben. Konzerte, Meisterkurse und eine gro\u00dfe Ausstellung machen N\u00fcrtingen f\u00fcr eine Woche zum Mekka f\u00fcr Gitarren\u00ad und Musikfreunde.<\/p>\n<p><strong>Regional<\/strong><\/p>\n<p>Das w\u00f6chentlich probende <em>N\u00fcrtinger Gitarrenenorchester<\/em> und regelm\u00e4\u00dfig statt\u00adfindende <em>Ensemble-Workshops<\/em> erfreuen sich gro\u00dfer Beliebtheit. Das N\u00fcrtinger Gitarrenorchester freut sich immer \u00fcber neue Mitspieler. Auch ein unverbindliches Zuh\u00f6ren oder Mitspielen bei einer Probe ist jederzeit m\u00f6glich.<\/p>\n<p><strong>Jugendf\u00f6rderung<\/strong><\/p>\n<p>Im Rahmen der <em>Internationalen Gitarrenfestspiele N\u00fcrtingen<\/em> werden \u201e<em>Junge Talente<\/em>\u201c ab 10 Jahre mit einem angepassten Festival-Programm eingebunden. Sie haben damit Gelegenheit, hervorragende Gitarristen im Konzert und im Unterricht zu erleben. Spezielle Betreuer sorgen auch f\u00fcr ein abwechslungsreiches Freizeitprogramm mit sportlichen Aktivit\u00e4ten oder auch einem Besuch in einer Gitarrenbauwerkstatt.<\/p>\n<p><strong>Unterst\u00fctzung<\/strong><\/p>\n<p>Unsere Aktivit\u00e4ten werden neben einigen Sponsoren von den aktiven und passiven Mitgliedern des <em>Gitarrenkreises N\u00fcrtingen e.V.<\/em> getragen. Auch Sie k\u00f6nnen uns unterst\u00fctzen: als Konzertbesucher, Spender oder indem Sie Mitglied werden.<br \/>\nAls Mitglied erhalten Sie Erm\u00e4\u00dfigung f\u00fcr die vom Gitarrenkreis durchgef\u00fchrten Konzerte und Veranstaltungen, manche sind auch kostenfrei. Spenden k\u00f6nnen Sie steuerlich geltend machen, da wir als Verein gemeinn\u00fctzig anerkannt sind.<\/p>\n<p>Hier k\u00f6nnen Sie eine <a href=\"https:\/\/gitarre-nuertingen.de\/wp-content\/uploads\/2018\/03\/Beitrittserklaerung_2018_03_26.pdf\" target=\"_blank\" rel=\"noopener noreferrer\"><strong>Beitrittserkl\u00e4rung<\/strong><\/a> als pdf oder als <a href=\"https:\/\/gitarre-nuertingen.de\/wp-content\/uploads\/2018\/03\/Beitrittserklaerung_2018_03_26.docx\"><strong>word.doc<\/strong><\/a> herunterladen.<\/p>\n","protected":false},"excerpt":{"rendered":"<p>Der Gitarrenkreis N\u00fcrtingen e.V. widmet sich der F\u00f6rderung und Pflege der klassischen Gitarrenmusik. \u00dcberregional Das herausragende Projekt sind die alle zwei Jahre stattfindenden \u201eInternationalen Gitarrenfestspiele N\u00fcrtingen\u201c, die sich im Laufe der Jahre sowohl in internationalen Fachkreisen als auch bei einem breiten Publikum in der Region einen ausge\u00adzeichneten Ruf erworben haben. Konzerte, Meisterkurse und eine gro\u00dfe &hellip; <\/p>\n<p class=\"link-more\"><a href=\"https:\/\/gitarre-nuertingen.de\/verein\/\" class=\"more-link\"><span class=\"screen-reader-text\">\u201e\u00dcber uns\u201c<\/span> weiterlesen<\/a><\/p>\n","protected":false},"author":1,"featured_media":0,"parent":0,"menu_order":0,"comment_status":"closed","ping_status":"closed","template":"","meta":{"footnotes":""},"class_list":["post-227","page","type-page","status-publish","hentry"],"_links":{"self":[{"href":"https:\/\/gitarre-nuertingen.de\/verein\/wp-json\/wp\/v2\/pages\/227","targetHints":{"allow":["GET"]}}],"collection":[{"href":"https:\/\/gitarre-nuertingen.de\/verein\/wp-json\/wp\/v2\/pages"}],"about":[{"href":"https:\/\/gitarre-nuertingen.de\/verein\/wp-json\/wp\/v2\/types\/page"}],"author":[{"embeddable":true,"href":"https:\/\/gitarre-nuertingen.de\/verein\/wp-json\/wp\/v2\/users\/1"}],"replies":[{"embeddable":true,"href":"https:\/\/gitarre-nuertingen.de\/verein\/wp-json\/wp\/v2\/comments?post=227"}],"version-history":[{"count":5,"href":"https:\/\/gitarre-nuertingen.de\/verein\/wp-json\/wp\/v2\/pages\/227\/revisions"}],"predecessor-version":[{"id":301,"href":"https:\/\/gitarre-nuertingen.de\/verein\/wp-json\/wp\/v2\/pages\/227\/revisions\/301"}],"wp:attachment":[{"href":"https:\/\/gitarre-nuertingen.de\/verein\/wp-json\/wp\/v2\/media?parent=227"}],"curies":[{"name":"wp","href":"https:\/\/api.w.org\/{rel}","templated":true}]}}